{"id":8,"date":"2018-06-01T10:59:34","date_gmt":"2018-06-01T10:59:34","guid":{"rendered":"http:\/\/vbm.phamhoang.vn\/?page_id=8"},"modified":"2022-05-19T08:22:48","modified_gmt":"2022-05-19T01:22:48","slug":"about","status":"publish","type":"page","link":"https:\/\/vubinhminh.net\/en\/about\/","title":{"rendered":"About"},"content":{"rendered":"&nbsp;<\/p>\n<p><span style=\"vertical-align: inherit;\"><span style=\"vertical-align: inherit;\"><span style=\"vertical-align: inherit;\"><span style=\"vertical-align: inherit;\"><div class=\"eds-animate  \" data-eds-entry-animation=\"fadeInLeft\" data-eds-entry-delay=\"0\" data-eds-entry-duration=\"1\" data-eds-entry-timing=\"linear\" data-eds-exit-animation=\"\" data-eds-exit-delay=\"\" data-eds-exit-duration=\"\" data-eds-exit-timing=\"\" data-eds-repeat-count=\"1\" data-eds-keep=\"yes\" data-eds-animate-on=\"\" data-eds-scroll-offset=\"\"> <\/span><\/span><\/span><\/span><img loading=\"lazy\" class=\"img-responsive alignnone wp-image-68 size-large\" src=\"http:\/\/vbm.phamhoang.vn\/wp-content\/uploads\/2018\/06\/vbm-1-1024x684.jpg\" alt=\"Nh\u00e0 \u0111i\u00eau kh\u1eafc V\u0169 B\u00ecnh B\u00ecnh\" width=\"1024\" height=\"684\" srcset=\"https:\/\/vubinhminh.net\/wp-content\/uploads\/2018\/06\/vbm-1-1024x684.jpg 1024w, https:\/\/vubinhminh.net\/wp-content\/uploads\/2018\/06\/vbm-1-720x481.jpg 720w, https:\/\/vubinhminh.net\/wp-content\/uploads\/2018\/06\/vbm-1-768x513.jpg 768w, https:\/\/vubinhminh.net\/wp-content\/uploads\/2018\/06\/vbm-1-400x267.jpg 400w, https:\/\/vubinhminh.net\/wp-content\/uploads\/2018\/06\/vbm-1-300x200.jpg 300w, https:\/\/vubinhminh.net\/wp-content\/uploads\/2018\/06\/vbm-1.jpg 1333w\" sizes=\"(max-width: 1024px) 100vw, 1024px\" \/><span style=\"vertical-align: inherit;\"><span style=\"vertical-align: inherit;\"><span style=\"vertical-align: inherit;\"><span style=\"vertical-align: inherit;\"><\/div> <\/span><\/span><\/span><\/span><\/p>\n<p><span style=\"vertical-align: inherit;\"><span style=\"vertical-align: inherit;\"><span style=\"vertical-align: inherit;\"><span style=\"vertical-align: inherit;\"><div class=\"eds-animate  \" data-eds-entry-animation=\"fadeInUp\" data-eds-entry-delay=\"1\" data-eds-entry-duration=\"1\" data-eds-entry-timing=\"linear\" data-eds-exit-animation=\"\" data-eds-exit-delay=\"\" data-eds-exit-duration=\"\" data-eds-exit-timing=\"\" data-eds-repeat-count=\"\" data-eds-keep=\"\" data-eds-animate-on=\"\" data-eds-scroll-offset=\"\"><\/span><\/span><\/span><\/span><\/p>\n<h3 style=\"margin-top: 0px;\"><span style=\"color: #ff9900;\"><span style=\"vertical-align: inherit;\"><span style=\"vertical-align: inherit;\"><span style=\"vertical-align: inherit;\"><span style=\"vertical-align: inherit;\"><span style=\"vertical-align: inherit;\"><span style=\"vertical-align: inherit;\"><span style=\"vertical-align: inherit;\"><span style=\"vertical-align: inherit;\">VU BINH MINH\u00a0<\/span><\/span><\/span><\/span><\/span><\/span><\/span><\/span><\/span><\/h3>\n<p><strong><span style=\"vertical-align: inherit;\"><span style=\"vertical-align: inherit;\"><span style=\"vertical-align: inherit;\"><span style=\"vertical-align: inherit;\"><span style=\"vertical-align: inherit;\"><span style=\"vertical-align: inherit;\"><span style=\"vertical-align: inherit;\"><span style=\"vertical-align: inherit;\">[ <\/span><\/span><a href=\"https:\/\/drive.google.com\/file\/d\/18xpNc1L7oUNyeUuFkaV5-JzPJpgAi7HC\/view?usp=https:\/\/drive.google.com\/file\/d\/18xpNc1L7oUNyeUuFkaV5-JzPJpgAi7HC\/view?usp=sharing\"><span style=\"vertical-align: inherit;\"><span style=\"vertical-align: inherit;\">PDF<\/span><\/span><\/a><span style=\"vertical-align: inherit;\"><span style=\"vertical-align: inherit;\"> ]<\/span><\/span><\/span><\/span><\/span><\/span><\/span><\/span><\/strong><span style=\"vertical-align: inherit;\"><span style=\"vertical-align: inherit;\"> Full Profile (<strong>download here<\/strong>)<\/span><\/span><\/p>\n<p>Lecturer of Hanoi Architectural University<\/p>\n<p>Member of the Vietnam Fine Arts Association<\/p>\n<p>Email: <a href=\"mailto:vubinhminh.net@gmail.com\">vubinhminh.net@gmail.com<\/a><\/p>\n<p>Website: www.vubinhminh.net<\/p>\n<p>Phone: +84 912912356<\/p>\n<p>&nbsp;<\/p>\n<p>&nbsp;<\/p>\n<p>EDUCATION<\/p>\n<p>&nbsp;<\/p>\n<p>2009\u00a0\u00a0\u00a0\u00a0 Bacherlor of Fine Arts (BFA), Sculpture &#8211; Vietnam University of Fine Arts<\/p>\n<p>2012\u00a0\u00a0\u00a0\u00a0 Master of Fine Arts (MFA), Sculpture &#8211; Vietnam University of Fine Arts<\/p>\n<p>&nbsp;<\/p>\n<p>&nbsp;<\/p>\n<p>&nbsp;<\/p>\n<p>&nbsp;","protected":false},"excerpt":{"rendered":"<p>&nbsp; VU BINH MINH\u00a0 [ PDF ] Full Profile (download here) Lecturer of Hanoi Architectural University Member of the Vietnam Fine Arts Association Email: vubinhminh.net@gmail.com Website: www.vubinhminh.net Phone: +84 912912356 &nbsp; &nbsp; EDUCATION &nbsp; 2009\u00a0\u00a0\u00a0\u00a0 Bacherlor of Fine Arts (BFA), Sculpture &#8211; Vietnam University of Fine Arts 2012\u00a0\u00a0\u00a0\u00a0 Master of Fine Arts (MFA), Sculpture &#8211; [&hellip;]<\/p>\n","protected":false},"author":2,"featured_media":432,"parent":0,"menu_order":0,"comment_status":"closed","ping_status":"closed","template":"","meta":[],"_links":{"self":[{"href":"https:\/\/vubinhminh.net\/en\/wp-json\/wp\/v2\/pages\/8"}],"collection":[{"href":"https:\/\/vubinhminh.net\/en\/wp-json\/wp\/v2\/pages"}],"about":[{"href":"https:\/\/vubinhminh.net\/en\/wp-json\/wp\/v2\/types\/page"}],"author":[{"embeddable":true,"href":"https:\/\/vubinhminh.net\/en\/wp-json\/wp\/v2\/users\/2"}],"replies":[{"embeddable":true,"href":"https:\/\/vubinhminh.net\/en\/wp-json\/wp\/v2\/comments?post=8"}],"version-history":[{"count":81,"href":"https:\/\/vubinhminh.net\/en\/wp-json\/wp\/v2\/pages\/8\/revisions"}],"predecessor-version":[{"id":861,"href":"https:\/\/vubinhminh.net\/en\/wp-json\/wp\/v2\/pages\/8\/revisions\/861"}],"wp:featuredmedia":[{"embeddable":true,"href":"https:\/\/vubinhminh.net\/en\/wp-json\/wp\/v2\/media\/432"}],"wp:attachment":[{"href":"https:\/\/vubinhminh.net\/en\/wp-json\/wp\/v2\/media?parent=8"}],"curies":[{"name":"wp","href":"https:\/\/api.w.org\/{rel}","templated":true}]}}